{"id":70,"date":"2023-07-26T10:04:30","date_gmt":"2023-07-26T10:04:30","guid":{"rendered":"http:\/\/autoservicioturopark.com\/?page_id=70"},"modified":"2023-10-06T14:55:36","modified_gmt":"2023-10-06T14:55:36","slug":"contacto","status":"publish","type":"page","link":"https:\/\/autoservicioturopark.com\/ca\/contacto\/","title":{"rendered":"Contacte"},"content":{"rendered":"<p>[et_pb_section fb_built=\u00bb1&#8243; admin_label=\u00bbHeader\u00bb _builder_version=\u00bb4.21.0&#8243; use_background_color_gradient=\u00bbon\u00bb background_color_gradient_stops=\u00bbrgba(23,0,190,0.3) 0%|gcid-f87450c4-6963-4dee-a9cd-7b63828a2ac6 100%\u00bb background_color_gradient_overlays_image=\u00bbon\u00bb background_color_gradient_start=\u00bbrgba(23,0,190,0.3)\u00bb background_color_gradient_end=\u00bbrgba(23,0,190,0.9)\u00bb background_image=\u00bbhttp:\/\/autoservicioturopark.com\/wp-content\/uploads\/2023\/07\/autoservicio-turopark-barcelona-1.webp\u00bb background_position=\u00bbbottom_right\u00bb background_vertical_offset=\u00bb36%\u00bb custom_padding=\u00bb||8vw||false|false\u00bb da_disable_devices=\u00bboff|off|off\u00bb locked=\u00bboff\u00bb global_colors_info=\u00bb{%22gcid-f87450c4-6963-4dee-a9cd-7b63828a2ac6%22:%91%22background_color_gradient_stops%22%93}\u00bb da_is_popup=\u00bboff\u00bb da_exit_intent=\u00bboff\u00bb da_has_close=\u00bbon\u00bb da_alt_close=\u00bboff\u00bb da_dark_close=\u00bboff\u00bb da_not_modal=\u00bbon\u00bb da_is_singular=\u00bboff\u00bb da_with_loader=\u00bboff\u00bb da_has_shadow=\u00bbon\u00bb][et_pb_row _builder_version=\u00bb4.16&#8243; global_colors_info=\u00bb{}\u00bb][et_pb_column type=\u00bb4_4&#8243; _builder_version=\u00bb4.16&#8243; global_colors_info=\u00bb{}\u00bb][et_pb_text _builder_version=\u00bb4.16&#8243; text_font_size=\u00bb16px\u00bb text_line_height=\u00bb1.8em\u00bb header_font=\u00bbKanit|700|||||||\u00bb header_font_size=\u00bb80px\u00bb background_layout=\u00bbdark\u00bb max_width=\u00bb550px\u00bb header_font_size_tablet=\u00bb60px\u00bb header_font_size_phone=\u00bb42px\u00bb header_font_size_last_edited=\u00bbon|phone\u00bb locked=\u00bboff\u00bb global_colors_info=\u00bb{}\u00bb]<\/p>\n<h1>Contacte<\/h1>\n<p>[\/et_pb_text][\/et_pb_column][\/et_pb_row][\/et_pb_section][et_pb_section fb_built=\u00bb1&#8243; admin_label=\u00bbContact\u00bb _builder_version=\u00bb4.16&#8243; z_index=\u00bb10&#8243; bottom_divider_height=\u00bb1200px\u00bb bottom_divider_arrangement=\u00bbabove_content\u00bb da_disable_devices=\u00bboff|off|off\u00bb global_colors_info=\u00bb{}\u00bb da_is_popup=\u00bboff\u00bb da_exit_intent=\u00bboff\u00bb da_has_close=\u00bbon\u00bb da_alt_close=\u00bboff\u00bb da_dark_close=\u00bboff\u00bb da_not_modal=\u00bbon\u00bb da_is_singular=\u00bboff\u00bb da_with_loader=\u00bboff\u00bb da_has_shadow=\u00bbon\u00bb][et_pb_row column_structure=\u00bb3_5,2_5&#8243; _builder_version=\u00bb4.16&#8243; custom_margin=\u00bb||||false|false\u00bb global_colors_info=\u00bb{}\u00bb][et_pb_column type=\u00bb3_5&#8243; _builder_version=\u00bb4.16&#8243; global_colors_info=\u00bb{}\u00bb][\/et_pb_column][et_pb_column type=\u00bb2_5&#8243; _builder_version=\u00bb4.16&#8243; background_enable_color=\u00bboff\u00bb use_background_color_gradient=\u00bbon\u00bb background_color_gradient_direction=\u00bb135deg\u00bb background_color_gradient_stops=\u00bbgcid-f87450c4-6963-4dee-a9cd-7b63828a2ac6 71%|rgba(23,0,189,0) 71%\u00bb background_color_gradient_start=\u00bb#1700bd\u00bb background_color_gradient_start_position=\u00bb70%\u00bb background_color_gradient_end=\u00bbrgba(23,0,189,0)\u00bb background_color_gradient_end_position=\u00bb0%\u00bb positioning=\u00bbabsolute\u00bb position_origin_a=\u00bbtop_right\u00bb position_origin_f=\u00bbtop_right\u00bb vertical_offset=\u00bb-325px\u00bb position_origin_a_tablet=\u00bb\u00bb position_origin_a_phone=\u00bb\u00bb position_origin_a_last_edited=\u00bbon|tablet\u00bb position_origin_f_tablet=\u00bb\u00bb position_origin_f_phone=\u00bb\u00bb position_origin_f_last_edited=\u00bbon|tablet\u00bb position_origin_r_tablet=\u00bb\u00bb position_origin_r_phone=\u00bb\u00bb position_origin_r_last_edited=\u00bbon|tablet\u00bb custom_padding=\u00bb80px|40px|300px|40px|false|true\u00bb custom_padding_tablet=\u00bb|||0px|false|false\u00bb custom_padding_last_edited=\u00bboff|desktop\u00bb positioning_tablet=\u00bbnone\u00bb positioning_phone=\u00bb\u00bb positioning_last_edited=\u00bbon|tablet\u00bb global_colors_info=\u00bb{%22gcid-f87450c4-6963-4dee-a9cd-7b63828a2ac6%22:%91%22background_color_gradient_stops%22%93}\u00bb][et_pb_blurb title=\u00bbVis\u00edtanos\u00bb use_icon=\u00bbon\u00bb font_icon=\u00bb&#xe081;||divi||400&#8243; icon_color=\u00bbgcid-f87450c4-6963-4dee-a9cd-7b63828a2ac6&#8243; image_icon_background_color=\u00bb#ffffff\u00bb image_icon_width=\u00bb24px\u00bb icon_alignment=\u00bbleft\u00bb _builder_version=\u00bb4.21.0&#8243; header_font=\u00bbKanit|700|||||||\u00bb header_font_size=\u00bb24px\u00bb header_line_height=\u00bb1.4em\u00bb body_line_height=\u00bb1.8em\u00bb image_icon_custom_padding=\u00bb25px|25px|25px|25px|false|false\u00bb background_layout=\u00bbdark\u00bb custom_margin_tablet=\u00bb50px||||false|false\u00bb custom_margin_last_edited=\u00bboff|desktop\u00bb animation=\u00bboff\u00bb background_layout_tablet=\u00bblight\u00bb background_layout_last_edited=\u00bboff|desktop\u00bb border_radii_image=\u00bbon|100%|100%|100%|100%\u00bb icon_font_size=\u00bb24px\u00bb use_circle=\u00bbon\u00bb circle_color=\u00bb#ffffff\u00bb circle_color_tablet=\u00bb#1700be\u00bb circle_color_last_edited=\u00bboff|phone\u00bb global_colors_info=\u00bb{%22gcid-f87450c4-6963-4dee-a9cd-7b63828a2ac6%22:%91%22icon_color%22%93}\u00bb image_icon_background_color__sticky_enabled=\u00bb#7EBEC5&#8243; image_icon_background_color__sticky=\u00bb#7EBEC5&#8243;]<span>C\/ del Per\u00fa, 171, <\/span><br \/>\n<span>CP 08018 Barcelona<\/span>[\/et_pb_blurb][et_pb_blurb title=\u00bbTel\u00e9fono\u00bb use_icon=\u00bbon\u00bb font_icon=\u00bb&#xe090;||divi||400&#8243; icon_color=\u00bbgcid-f87450c4-6963-4dee-a9cd-7b63828a2ac6&#8243; image_icon_background_color=\u00bb#ffffff\u00bb image_icon_width=\u00bb24px\u00bb icon_alignment=\u00bbleft\u00bb _builder_version=\u00bb4.21.0&#8243; header_font=\u00bbKanit|700|||||||\u00bb header_font_size=\u00bb24px\u00bb header_line_height=\u00bb1.4em\u00bb body_line_height=\u00bb1.8em\u00bb image_icon_custom_padding=\u00bb25px|25px|25px|25px|false|false\u00bb background_layout=\u00bbdark\u00bb animation=\u00bboff\u00bb border_radii_image=\u00bbon|100%|100%|100%|100%\u00bb icon_font_size=\u00bb24px\u00bb use_circle=\u00bbon\u00bb circle_color=\u00bb#ffffff\u00bb global_colors_info=\u00bb{%22gcid-f87450c4-6963-4dee-a9cd-7b63828a2ac6%22:%91%22icon_color%22%93}\u00bb image_icon_background_color__sticky_enabled=\u00bb#7EBEC5&#8243; image_icon_background_color__sticky=\u00bb#7EBEC5&#8243;]<strong><a style=\"color:#fff\" href=\"tel:934984150\">934 98 41 50<\/a><\/strong>[\/et_pb_blurb][et_pb_blurb title=\u00bbEscr\u00edbenos\u00bb use_icon=\u00bbon\u00bb font_icon=\u00bb&#xe076;||divi||400&#8243; icon_color=\u00bbgcid-f87450c4-6963-4dee-a9cd-7b63828a2ac6&#8243; image_icon_background_color=\u00bb#ffffff\u00bb image_icon_width=\u00bb24px\u00bb icon_alignment=\u00bbleft\u00bb _builder_version=\u00bb4.21.0&#8243; header_font=\u00bbKanit|700|||||||\u00bb header_font_size=\u00bb24px\u00bb header_line_height=\u00bb1.4em\u00bb body_line_height=\u00bb1.8em\u00bb image_icon_custom_padding=\u00bb25px|25px|25px|25px|false|false\u00bb background_layout=\u00bbdark\u00bb animation=\u00bboff\u00bb hover_enabled=\u00bb0&#8243; border_radii_image=\u00bbon|100%|100%|100%|100%\u00bb icon_font_size=\u00bb24px\u00bb use_circle=\u00bbon\u00bb circle_color=\u00bb#ffffff\u00bb global_colors_info=\u00bb{%22gcid-f87450c4-6963-4dee-a9cd-7b63828a2ac6%22:%91%22icon_color%22%93}\u00bb image_icon_background_color__sticky_enabled=\u00bb#7EBEC5&#8243; image_icon_background_color__sticky=\u00bb#7EBEC5&#8243; sticky_enabled=\u00bb0&#8243;]<strong><a style=\"color: #fff;\" href=\"mailto:mluz@turopark.com\">mluz@turopark.com<\/a><\/strong>[\/et_pb_blurb][\/et_pb_column][\/et_pb_row][\/et_pb_section][et_pb_section fb_built=\u00bb1&#8243; admin_label=\u00bbFAQ\u00bb _builder_version=\u00bb4.21.0&#8243; background_color=\u00bbgcid-f87450c4-6963-4dee-a9cd-7b63828a2ac6&#8243; overflow-x=\u00bbhidden\u00bb overflow-y=\u00bbhidden\u00bb custom_margin=\u00bb||5vw||false|false\u00bb custom_padding=\u00bb0vw||0px||false|false\u00bb da_disable_devices=\u00bboff|off|off\u00bb locked=\u00bboff\u00bb global_colors_info=\u00bb{%22gcid-f87450c4-6963-4dee-a9cd-7b63828a2ac6%22:%91%22background_color%22%93}\u00bb da_is_popup=\u00bboff\u00bb da_exit_intent=\u00bboff\u00bb da_has_close=\u00bbon\u00bb da_alt_close=\u00bboff\u00bb da_dark_close=\u00bboff\u00bb da_not_modal=\u00bbon\u00bb da_is_singular=\u00bboff\u00bb da_with_loader=\u00bboff\u00bb da_has_shadow=\u00bbon\u00bb][et_pb_row column_structure=\u00bb3_5,2_5&#8243; _builder_version=\u00bb4.21.0&#8243; background_color=\u00bb#FFFFFF\u00bb custom_padding=\u00bb0px||0px||true|false\u00bb box_shadow_style=\u00bbpreset4&#8243; box_shadow_horizontal=\u00bb30vw\u00bb box_shadow_vertical=\u00bb0px\u00bb box_shadow_color=\u00bb#ffffff\u00bb box_shadow_horizontal_tablet=\u00bb\u00bb box_shadow_horizontal_phone=\u00bb\u00bb box_shadow_horizontal_last_edited=\u00bbon|phone\u00bb global_colors_info=\u00bb{}\u00bb][et_pb_column type=\u00bb3_5&#8243; _builder_version=\u00bb4.16&#8243; background_color=\u00bb#ffffff\u00bb transform_translate=\u00bb1px|0px\u00bb transform_translate_linked=\u00bboff\u00bb custom_padding=\u00bb100px|40px|100px|40px|true|true\u00bb custom_padding_tablet=\u00bb5vw|30px||30px|false|true\u00bb custom_padding_phone=\u00bb|20px||20px|false|true\u00bb custom_padding_last_edited=\u00bbon|phone\u00bb box_shadow_horizontal_last_edited=\u00bboff|phone\u00bb box_shadow_spread_tablet=\u00bb0vw\u00bb box_shadow_spread_phone=\u00bb\u00bb box_shadow_spread_last_edited=\u00bbon|phone\u00bb global_colors_info=\u00bb{}\u00bb][et_pb_text _builder_version=\u00bb4.21.0&#8243; header_2_font=\u00bbKanit|700|||||||\u00bb header_2_text_color=\u00bb#000000&#8243; header_2_font_size=\u00bb48px\u00bb header_2_line_height=\u00bb1.2em\u00bb background_layout=\u00bbdark\u00bb header_2_font_size_tablet=\u00bb\u00bb header_2_font_size_phone=\u00bb30px\u00bb header_2_font_size_last_edited=\u00bbon|phone\u00bb locked=\u00bboff\u00bb global_colors_info=\u00bb{}\u00bb]<\/p>\n<h2>Preguntas Frecuentes<\/h2>\n<p>[\/et_pb_text][et_pb_accordion closed_toggle_text_color=\u00bb#2a2a2a\u00bb closed_toggle_background_color=\u00bbrgba(0,0,0,0)\u00bb icon_color=\u00bbgcid-f87450c4-6963-4dee-a9cd-7b63828a2ac6&#8243; use_icon_font_size=\u00bbon\u00bb icon_font_size=\u00bb24px\u00bb _builder_version=\u00bb4.21.0&#8243; toggle_font=\u00bbKanit|700|||||||\u00bb toggle_font_size=\u00bb24px\u00bb toggle_line_height=\u00bb1.4em\u00bb body_line_height=\u00bb1.8em\u00bb toggle_font_size_tablet=\u00bb20px\u00bb toggle_font_size_phone=\u00bb16px\u00bb toggle_font_size_last_edited=\u00bbon|phone\u00bb border_width_all=\u00bb0px\u00bb border_color_all=\u00bb#d8d8d8&#8243; border_width_bottom=\u00bb1px\u00bb global_colors_info=\u00bb{%22gcid-f87450c4-6963-4dee-a9cd-7b63828a2ac6%22:%91%22icon_color%22%93}\u00bb][et_pb_accordion_item title=\u00bb\u00bfQu\u00e9 diferencia a Autoservicio Tur\u00f3 Park de otras gasolineras?\u00bb open=\u00bbon\u00bb _builder_version=\u00bb4.21.0&#8243; custom_margin=\u00bb||0px||false|false\u00bb custom_padding=\u00bb32px|0px|32px|0px|true|false\u00bb global_colors_info=\u00bb{}\u00bb]<\/p>\n<p><span>En Autoservicio Tur\u00f3 Park, nos destacamos por m\u00e1s de 50 a\u00f1os de experiencia y calidad en el suministro de combustible. Nuestro microfiltrado exclusivo y el uso de aditivos garantizan un producto de excelencia, mientras que la comodidad de pago y el horario amplio nos hacen la mejor opci\u00f3n para tu veh\u00edculo.<\/span><\/p>\n<p>[\/et_pb_accordion_item][et_pb_accordion_item title=\u00bb\u00bfCu\u00e1l es el horario de atenci\u00f3n de Autoservicio Tur\u00f3 Park?\u00bb _builder_version=\u00bb4.21.0&#8243; custom_margin=\u00bb||0px||false|false\u00bb custom_padding=\u00bb32px|0px|32px|0px|true|false\u00bb global_colors_info=\u00bb{}\u00bb open=\u00bboff\u00bb]<\/p>\n<p><span>En Autoservicio Tur\u00f3 Park, nos preocupamos por tu comodidad, por lo que nuestra estaci\u00f3n est\u00e1 abierta las 24 horas del d\u00eda, los 7 d\u00edas de la semana. Nuestro personal altamente eficiente te atender\u00e1 desde las 6:00 a.m. hasta las 10:00 p.m. para asegurarnos de brindarte un servicio excepcional en cualquier momento que nos necesites. \u00a1Siempre estamos aqu\u00ed para ti y tu veh\u00edculo!<\/span><\/p>\n<p>[\/et_pb_accordion_item][et_pb_accordion_item title=\u00bb\u00bfQu\u00e9 productos adicionales ofrece Autoservicio Tur\u00f3 Park aparte del combustible?\u00bb _builder_version=\u00bb4.21.0&#8243; custom_margin=\u00bb||0px||false|false\u00bb custom_padding=\u00bb32px|0px|32px|0px|true|false\u00bb global_colors_info=\u00bb{}\u00bb open=\u00bboff\u00bb]<\/p>\n<p><span>En Autoservicio Tur\u00f3 Park, encontrar\u00e1s una amplia gama de productos para veh\u00edculos, incluidos aceites, lubricantes, buj\u00edas, agua para limpiaparabrisas, escobillas, productos de limpieza y bombillas. Nuestro equipo est\u00e1 disponible para asesorarte y satisfacer tus necesidades automotrices.<\/span><\/p>\n<p>[\/et_pb_accordion_item][et_pb_accordion_item title=\u00bb\u00bfC\u00f3mo cuida Autoservicio Tur\u00f3 Park la calidad de su combustible?\u00bb _builder_version=\u00bb4.21.0&#8243; custom_margin=\u00bb||0px||false|false\u00bb custom_padding=\u00bb32px|0px|32px|0px|true|false\u00bb global_colors_info=\u00bb{}\u00bb open=\u00bboff\u00bb]<\/p>\n<p><span>En Autoservicio Tur\u00f3 Park, nuestra prioridad es ofrecer combustible de calidad. Realizamos un proceso de microfiltrado para eliminar impurezas s\u00f3lidas y l\u00edquidas, y a\u00f1adimos aditivos para mejorar el rendimiento del motor. Este proceso nos distingue de otras gasolineras y asegura un producto confiable.<\/span><\/p>\n<p>[\/et_pb_accordion_item][et_pb_accordion_item title=\u00bb\u00bfQu\u00e9 opciones de pago ofrece Autoservicio Tur\u00f3 Park?\u00bb _builder_version=\u00bb4.21.0&#8243; custom_margin=\u00bb||0px||false|false\u00bb custom_padding=\u00bb32px|0px|32px|0px|true|false\u00bb global_colors_info=\u00bb{}\u00bb open=\u00bboff\u00bb]<\/p>\n<p><span>En Autoservicio Tur\u00f3 Park, queremos que tu experiencia sea c\u00f3moda y conveniente. Por ello, te ofrecemos dos opciones de pago: puedes abonar en caja o directamente en el surtidor. Si\u00e9ntete libre de elegir la forma de pago que mejor se adapte a tus preferencias y necesidades. En ambas opciones, nuestro objetivo es brindarte un servicio r\u00e1pido y sin complicaciones, para que puedas seguir tu camino sin preocupaciones. \u00a1Tu satisfacci\u00f3n es nuestra prioridad!<\/span><\/p>\n<p>[\/et_pb_accordion_item][\/et_pb_accordion][\/et_pb_column][et_pb_column type=\u00bb2_5&#8243; _builder_version=\u00bb4.16&#8243; custom_padding=\u00bb100px||100px||true|false\u00bb custom_padding_tablet=\u00bb|40px|5vw|40px|false|true\u00bb custom_padding_last_edited=\u00bboff|desktop\u00bb global_colors_info=\u00bb{}\u00bb][et_pb_text _builder_version=\u00bb4.16&#8243; text_font=\u00bb|300|||||||\u00bb text_font_size=\u00bb30px\u00bb text_line_height=\u00bb1.4em\u00bb link_text_color=\u00bb#ffffff\u00bb header_4_font=\u00bbKanit|600|||||||\u00bb header_4_letter_spacing=\u00bb2px\u00bb header_4_line_height=\u00bb1.8em\u00bb background_layout=\u00bbdark\u00bb text_font_size_tablet=\u00bb25px\u00bb text_font_size_phone=\u00bb22px\u00bb text_font_size_last_edited=\u00bbon|phone\u00bb locked=\u00bboff\u00bb global_colors_info=\u00bb{}\u00bb]<\/p>\n<h4>Ask a Question<\/h4>\n<p><a href=\"#\">hello@divicardetailing.com<\/a><\/p>\n<p>[\/et_pb_text][\/et_pb_column][\/et_pb_row][\/et_pb_section]<\/p>","protected":false},"excerpt":{"rendered":"<p>ContactoC\/ del Per\u00fa, 171, CP 08018 Barcelona934 98 41 50mluz@turopark.comPreguntas FrecuentesEn Autoservicio Tur\u00f3 Park, nos destacamos por m\u00e1s de 50 a\u00f1os de experiencia y calidad en el suministro de combustible. Nuestro microfiltrado exclusivo y el uso de aditivos garantizan un producto de excelencia, mientras que la comodidad de pago y el horario amplio nos hacen [&hellip;]<\/p>","protected":false},"author":1,"featured_media":0,"parent":0,"menu_order":0,"comment_status":"closed","ping_status":"closed","template":"","meta":{"_et_pb_use_builder":"on","_et_pb_old_content":"","_et_gb_content_width":"","footnotes":""},"class_list":["post-70","page","type-page","status-publish","hentry"],"acf":[],"yoast_head":"<!-- This site is optimized with the Yoast SEO plugin v21.3 - https:\/\/yoast.com\/wordpress\/plugins\/seo\/ -->\n<title>Contacto - Autoservicio Tur\u00f3 Park<\/title>\n<meta name=\"robots\" content=\"index, follow, max-snippet:-1, max-image-preview:large, max-video-preview:-1\" \/>\n<link rel=\"canonical\" href=\"https:\/\/autoservicioturopark.com\/ca\/contacto\/\" \/>\n<meta property=\"og:locale\" content=\"ca_ES\" \/>\n<meta property=\"og:type\" content=\"article\" \/>\n<meta property=\"og:title\" content=\"Contacto - Autoservicio Tur\u00f3 Park\" \/>\n<meta property=\"og:description\" content=\"ContactoC\/ del Per\u00fa, 171, CP 08018 Barcelona934 98 41 50mluz@turopark.comPreguntas FrecuentesEn Autoservicio Tur\u00f3 Park, nos destacamos por m\u00e1s de 50 a\u00f1os de experiencia y calidad en el suministro de combustible. Nuestro microfiltrado exclusivo y el uso de aditivos garantizan un producto de excelencia, mientras que la comodidad de pago y el horario amplio nos hacen [&hellip;]\" \/>\n<meta property=\"og:url\" content=\"https:\/\/autoservicioturopark.com\/ca\/contacto\/\" \/>\n<meta property=\"og:site_name\" content=\"Autoservicio Tur\u00f3 Park\" \/>\n<meta property=\"article:modified_time\" content=\"2023-10-06T14:55:36+00:00\" \/>\n<meta name=\"twitter:card\" content=\"summary_large_image\" \/>\n<meta name=\"twitter:label1\" content=\"Temps estimat de lectura\" \/>\n\t<meta name=\"twitter:data1\" content=\"3 minuts\" \/>\n<script type=\"application\/ld+json\" class=\"yoast-schema-graph\">{\"@context\":\"https:\/\/schema.org\",\"@graph\":[{\"@type\":\"WebPage\",\"@id\":\"https:\/\/autoservicioturopark.com\/contacto\/\",\"url\":\"https:\/\/autoservicioturopark.com\/contacto\/\",\"name\":\"Contacto - Autoservicio Tur\u00f3 Park\",\"isPartOf\":{\"@id\":\"https:\/\/autoservicioturopark.com\/#website\"},\"datePublished\":\"2023-07-26T10:04:30+00:00\",\"dateModified\":\"2023-10-06T14:55:36+00:00\",\"breadcrumb\":{\"@id\":\"https:\/\/autoservicioturopark.com\/contacto\/#breadcrumb\"},\"inLanguage\":\"ca\",\"potentialAction\":[{\"@type\":\"ReadAction\",\"target\":[\"https:\/\/autoservicioturopark.com\/contacto\/\"]}]},{\"@type\":\"BreadcrumbList\",\"@id\":\"https:\/\/autoservicioturopark.com\/contacto\/#breadcrumb\",\"itemListElement\":[{\"@type\":\"ListItem\",\"position\":1,\"name\":\"Portada\",\"item\":\"https:\/\/autoservicioturopark.com\/\"},{\"@type\":\"ListItem\",\"position\":2,\"name\":\"Contacto\"}]},{\"@type\":\"WebSite\",\"@id\":\"https:\/\/autoservicioturopark.com\/#website\",\"url\":\"https:\/\/autoservicioturopark.com\/\",\"name\":\"Autoservicio Tur\u00f3 Park\",\"description\":\"Abierta los 365 d\u00edas del a\u00f1o, las 24 horas.\",\"potentialAction\":[{\"@type\":\"SearchAction\",\"target\":{\"@type\":\"EntryPoint\",\"urlTemplate\":\"https:\/\/autoservicioturopark.com\/?s={search_term_string}\"},\"query-input\":\"required name=search_term_string\"}],\"inLanguage\":\"ca\"}]}<\/script>\n<!-- \/ Yoast SEO plugin. -->","yoast_head_json":{"title":"Contacto - Autoservicio Tur\u00f3 Park","robots":{"index":"index","follow":"follow","max-snippet":"max-snippet:-1","max-image-preview":"max-image-preview:large","max-video-preview":"max-video-preview:-1"},"canonical":"https:\/\/autoservicioturopark.com\/ca\/contacto\/","og_locale":"ca_ES","og_type":"article","og_title":"Contacto - Autoservicio Tur\u00f3 Park","og_description":"ContactoC\/ del Per\u00fa, 171, CP 08018 Barcelona934 98 41 50mluz@turopark.comPreguntas FrecuentesEn Autoservicio Tur\u00f3 Park, nos destacamos por m\u00e1s de 50 a\u00f1os de experiencia y calidad en el suministro de combustible. Nuestro microfiltrado exclusivo y el uso de aditivos garantizan un producto de excelencia, mientras que la comodidad de pago y el horario amplio nos hacen [&hellip;]","og_url":"https:\/\/autoservicioturopark.com\/ca\/contacto\/","og_site_name":"Autoservicio Tur\u00f3 Park","article_modified_time":"2023-10-06T14:55:36+00:00","twitter_card":"summary_large_image","twitter_misc":{"Temps estimat de lectura":"3 minuts"},"schema":{"@context":"https:\/\/schema.org","@graph":[{"@type":"WebPage","@id":"https:\/\/autoservicioturopark.com\/contacto\/","url":"https:\/\/autoservicioturopark.com\/contacto\/","name":"Contacto - Autoservicio Tur\u00f3 Park","isPartOf":{"@id":"https:\/\/autoservicioturopark.com\/#website"},"datePublished":"2023-07-26T10:04:30+00:00","dateModified":"2023-10-06T14:55:36+00:00","breadcrumb":{"@id":"https:\/\/autoservicioturopark.com\/contacto\/#breadcrumb"},"inLanguage":"ca","potentialAction":[{"@type":"ReadAction","target":["https:\/\/autoservicioturopark.com\/contacto\/"]}]},{"@type":"BreadcrumbList","@id":"https:\/\/autoservicioturopark.com\/contacto\/#breadcrumb","itemListElement":[{"@type":"ListItem","position":1,"name":"Portada","item":"https:\/\/autoservicioturopark.com\/"},{"@type":"ListItem","position":2,"name":"Contacto"}]},{"@type":"WebSite","@id":"https:\/\/autoservicioturopark.com\/#website","url":"https:\/\/autoservicioturopark.com\/","name":"Autoservicio Tur\u00f3 Park","description":"Abierta los 365 d\u00edas del a\u00f1o, las 24 horas.","potentialAction":[{"@type":"SearchAction","target":{"@type":"EntryPoint","urlTemplate":"https:\/\/autoservicioturopark.com\/?s={search_term_string}"},"query-input":"required name=search_term_string"}],"inLanguage":"ca"}]}},"_links":{"self":[{"href":"https:\/\/autoservicioturopark.com\/ca\/wp-json\/wp\/v2\/pages\/70","targetHints":{"allow":["GET"]}}],"collection":[{"href":"https:\/\/autoservicioturopark.com\/ca\/wp-json\/wp\/v2\/pages"}],"about":[{"href":"https:\/\/autoservicioturopark.com\/ca\/wp-json\/wp\/v2\/types\/page"}],"author":[{"embeddable":true,"href":"https:\/\/autoservicioturopark.com\/ca\/wp-json\/wp\/v2\/users\/1"}],"replies":[{"embeddable":true,"href":"https:\/\/autoservicioturopark.com\/ca\/wp-json\/wp\/v2\/comments?post=70"}],"version-history":[{"count":15,"href":"https:\/\/autoservicioturopark.com\/ca\/wp-json\/wp\/v2\/pages\/70\/revisions"}],"predecessor-version":[{"id":212,"href":"https:\/\/autoservicioturopark.com\/ca\/wp-json\/wp\/v2\/pages\/70\/revisions\/212"}],"wp:attachment":[{"href":"https:\/\/autoservicioturopark.com\/ca\/wp-json\/wp\/v2\/media?parent=70"}],"curies":[{"name":"wp","href":"https:\/\/api.w.org\/{rel}","templated":true}]}}